{"id":35,"date":"2019-10-04T07:28:32","date_gmt":"2019-10-04T07:28:32","guid":{"rendered":"https:\/\/dfw-ch.com\/humanitarian\/?page_id=35"},"modified":"2025-05-26T10:16:05","modified_gmt":"2025-05-26T10:16:05","slug":"people","status":"publish","type":"page","link":"https:\/\/dfw-ch.com\/humanitarian\/people\/","title":{"rendered":"People"},"content":{"rendered":"<div class=\"wpb-content-wrapper\"><p>[vc_row full_width=&#8221;stretch_row&#8221; css=&#8221;.vc_custom_1604231718584{margin-top: -130px !important;border-bottom-width: 1px !important;padding-top: 320px !important;background-image: url(https:\/\/dfw-ch.com\/humanitarian\/wp-content\/uploads\/sites\/2\/2019\/10\/people-bg.jpg?id=21) !important;background-position: center !important;background-repeat: no-repeat !important;background-size: cover !important;border-bottom-style: solid !important;}&#8221; el_id=&#8221;partnerbg&#8221;][vc_column width=&#8221;2\/3&#8243; css=&#8221;.vc_custom_1516787768244{background-color: rgba(0,0,0,0.69) !important;*background-color: rgb(0,0,0) !important;}&#8221;][vc_custom_heading text=&#8221;Catherine Habasque &#8211; President and founder&#8221; font_container=&#8221;tag:h3|text_align:left|color:%23ffffff&#8221; use_theme_fonts=&#8221;yes&#8221;][vc_column_text css=&#8221;&#8221;]<\/p>\n<p style=\"text-align: justify;\">Catherine Habasque studied Ballet and French literature in Paris. She danced as a Principal Dancer and Solist in leading companies including B\u00e9jart Ballet Lausanne, Compa\u00f1ia Nacional de Danza and Ballet Basel, worked with, and danced pieces from, Maurice B\u00e9jart, Nacho Duato, Jiri Kilian, William Forsythe, Ohad Naharin among many others.<\/p>\n<p style=\"text-align: justify;\">She was nominated as Best Dancer of the Year in the German Critics Association Survey 2007. She is also an independent choreographer and producer of her own work and stages Nacho Duato\u2019s work worldwide. Her project \u201cCrystal Tears\u201d with Andreas Scholl was a finalist in the Fedora Prizes 2014 for Opera and Ballet.<\/p>\n<p><a href=\"http:\/\/www.catherine-habasque.ch\">http:\/\/www.catherine-habasque.ch<\/a>[\/vc_column_text][\/vc_column][vc_column width=&#8221;1\/3&#8243; css=&#8221;.vc_custom_1516787796926{background-color: rgba(0,0,0,0.68) !important;*background-color: rgb(0,0,0) !important;}&#8221;][vc_single_image image=&#8221;995&#8243; img_size=&#8221;medium&#8221; alignment=&#8221;center&#8221;][\/vc_column][\/vc_row][vc_row equal_height=&#8221;yes&#8221; css=&#8221;.vc_custom_1591768412716{border-bottom-width: 1px !important;border-bottom-style: solid !important;}&#8221;][vc_column width=&#8221;2\/3&#8243;][vc_custom_heading text=&#8221;Jos Verbeek &#8211; Member and advisor&#8221; font_container=&#8221;tag:h3|text_align:left|color:%23ffffff&#8221; use_theme_fonts=&#8221;yes&#8221;][vc_column_text]Jos Verbeek is former Manager at World Bank group (WBG). He was the WBG Special Representative to the UN and the WTO in Geneva until July 2020. Prior to this, Mr. Verbeek was appointed Adviser and tasked with providing inputs in the WBG\u2019s approach to the 2030 Agenda for Sustainable Development. He worked for over 27 years for the World Bank across the globe.<\/p>\n<p><a href=\"https:\/\/www.linkedin.com\/in\/jos-verbeek-1b35776\/?originalSubdomain=tr\">https:\/\/www.linkedin.com\/in\/jos-verbeek-1b35776\/?originalSubdomain=tr<\/a>[\/vc_column_text][\/vc_column][vc_column width=&#8221;1\/3&#8243;][vc_single_image image=&#8221;626&#8243; img_size=&#8221;200&#215;200&#8243; alignment=&#8221;center&#8221;][\/vc_column][\/vc_row][vc_row equal_height=&#8221;yes&#8221; css=&#8221;.vc_custom_1591768412716{border-bottom-width: 1px !important;border-bottom-style: solid !important;}&#8221;][vc_column width=&#8221;2\/3&#8243;][vc_custom_heading text=&#8221;Martin Stumpf &#8211; Board member and accountant&#8221; font_container=&#8221;tag:h3|text_align:left|color:%23ffffff&#8221; use_theme_fonts=&#8221;yes&#8221; css=&#8221;&#8221;][vc_column_text css=&#8221;&#8221;]Martin Stumpf is an independant accountant. His own firm http:\/\/www.stumpfconsulting.ch\/ is based in Basel. He is passionate of Dance and Cinema. He loves bringing all his passions together by filming for the Ballet Basel and for DFW and also founded a yearly Cinema Festival in Basel.<\/p>\n<p><a href=\"http:\/\/www.stumpfconsulting.ch\/\">http:\/\/www.stumpfconsulting.ch\/<\/a>[\/vc_column_text][\/vc_column][vc_column width=&#8221;1\/3&#8243;][\/vc_column][\/vc_row][vc_row css=&#8221;.vc_custom_1516703033192{border-bottom-width: 1px !important;border-bottom-style: solid !important;}&#8221;][vc_column width=&#8221;2\/3&#8243;][vc_custom_heading text=&#8221;Rodolphe Br\u00fctsch &#8211; Board member&#8221; font_container=&#8221;tag:h3|text_align:left|color:%23ffffff&#8221; use_theme_fonts=&#8221;yes&#8221;][vc_column_text]Manager Research and Development Von Roll AG<br \/>\nMember Innovage Schweiz<br \/>\nChemist<br \/>\nDr. phil.[\/vc_column_text][\/vc_column][vc_column width=&#8221;1\/3&#8243;][vc_single_image image=&#8221;625&#8243; img_size=&#8221;full&#8221; alignment=&#8221;center&#8221;][\/vc_column][\/vc_row][vc_row equal_height=&#8221;yes&#8221; css=&#8221;.vc_custom_1591768398581{border-bottom-width: 1px !important;border-bottom-style: solid !important;}&#8221;][vc_column width=&#8221;2\/3&#8243;][vc_custom_heading text=&#8221;Marcia Duarte &#8211; Communication&#8221; font_container=&#8221;tag:h3|text_align:left|color:%23ffffff&#8221; use_theme_fonts=&#8221;yes&#8221;][vc_column_text]PhD Global Scientific Communications Assoc. Director. Innovating scientific engagement communications at Novartis AG.[\/vc_column_text][\/vc_column][vc_column width=&#8221;1\/3&#8243;][vc_single_image image=&#8221;991&#8243; img_size=&#8221;medium&#8221; alignment=&#8221;center&#8221;][\/vc_column][\/vc_row][vc_row equal_height=&#8221;yes&#8221; css=&#8221;.vc_custom_1591768398581{border-bottom-width: 1px !important;border-bottom-style: solid !important;}&#8221;][vc_column width=&#8221;2\/3&#8243;][vc_custom_heading text=&#8221;Julie Godignon &#8211; Fundraising&#8221; font_container=&#8221;tag:h3|text_align:left|color:%23ffffff&#8221; use_theme_fonts=&#8221;yes&#8221;][vc_column_text]Julie Godignon has been working as a Program manager for media development and press freedom in developing countries for more than 10 years. She joined DFW in March 2020 to support fundraising, new development, and impact measurement of activities.[\/vc_column_text][\/vc_column][vc_column width=&#8221;1\/3&#8243;][vc_single_image image=&#8221;627&#8243; img_size=&#8221;full&#8221; alignment=&#8221;center&#8221;][\/vc_column][\/vc_row][vc_row css=&#8221;.vc_custom_1516703052565{border-bottom-width: 1px !important;border-bottom-style: solid !important;}&#8221;][vc_column width=&#8221;2\/3&#8243;][vc_custom_heading text=&#8221;Jean-Philippe Dousset &#8211; Consultant humanitarian&#8221; font_container=&#8221;tag:h3|text_align:left|color:%23ffffff&#8221; use_theme_fonts=&#8221;yes&#8221;][vc_column_text]<\/p>\n<p style=\"text-align: justify;\">As a doctor, Jean-Philippe has been working for more than 20 years in Cambodgia and South-Est Asia with M\u00e9decin sans Fronti\u00e8res, M\u00e9decins du Monde, FHI 360.<\/p>\n<p style=\"text-align: justify;\">His long clinical experience brought him to concentrate on project management and lately on the development of new health plans.<\/p>\n<p>[\/vc_column_text][\/vc_column][vc_column width=&#8221;1\/3&#8243;][vc_single_image image=&#8221;41&#8243; img_size=&#8221;200&#215;262&#8243; alignment=&#8221;center&#8221;][\/vc_column][\/vc_row][vc_row][vc_column width=&#8221;2\/3&#8243;][vc_custom_heading text=&#8221;Olivia Streater Lavirazzi &#8211; Law and human rights consultant&#8221; font_container=&#8221;tag:h3|text_align:left|color:%23ffffff&#8221; use_theme_fonts=&#8221;yes&#8221;][vc_column_text]<\/p>\n<p style=\"text-align: justify;\">Olivia Streater Lavizzari is a freelance dancer and a dance movement psychotherapist.<\/p>\n<p style=\"text-align: justify;\">In her first life, she was a lawyer and worked as a human rights researcher and campaigner for over ten years for NGOs including Amnesty International, Liberty, the Association for the Prevention of Torture and the Centre for the Study of Violence and Reconciliation.<\/p>\n<p>[\/vc_column_text][\/vc_column][vc_column width=&#8221;1\/3&#8243;][vc_single_image image=&#8221;628&#8243; img_size=&#8221;full&#8221; alignment=&#8221;center&#8221;][\/vc_column][\/vc_row]<\/p>\n<\/div>","protected":false},"excerpt":{"rendered":"<p>[vc_row full_width=&#8221;stretch_row&#8221; css=&#8221;.vc_custom_1604231718584{margin-top: -130px !important;border-bottom-width: 1px !important;padding-top: 320px !important;background-image: url(https:\/\/dfw-ch.com\/humanitarian\/wp-content\/uploads\/sites\/2\/2019\/10\/people-bg.jpg?id=21)<span class=\"excerpt-hellip\"> [\u2026]<\/span><\/p>\n","protected":false},"author":1,"featured_media":0,"parent":0,"menu_order":0,"comment_status":"closed","ping_status":"closed","template":"","meta":{"footnotes":"","_links_to":"","_links_to_target":""},"class_list":["post-35","page","type-page","status-publish","hentry"],"_links":{"self":[{"href":"https:\/\/dfw-ch.com\/humanitarian\/wp-json\/wp\/v2\/pages\/35","targetHints":{"allow":["GET"]}}],"collection":[{"href":"https:\/\/dfw-ch.com\/humanitarian\/wp-json\/wp\/v2\/pages"}],"about":[{"href":"https:\/\/dfw-ch.com\/humanitarian\/wp-json\/wp\/v2\/types\/page"}],"author":[{"embeddable":true,"href":"https:\/\/dfw-ch.com\/humanitarian\/wp-json\/wp\/v2\/users\/1"}],"replies":[{"embeddable":true,"href":"https:\/\/dfw-ch.com\/humanitarian\/wp-json\/wp\/v2\/comments?post=35"}],"version-history":[{"count":2,"href":"https:\/\/dfw-ch.com\/humanitarian\/wp-json\/wp\/v2\/pages\/35\/revisions"}],"predecessor-version":[{"id":1386,"href":"https:\/\/dfw-ch.com\/humanitarian\/wp-json\/wp\/v2\/pages\/35\/revisions\/1386"}],"wp:attachment":[{"href":"https:\/\/dfw-ch.com\/humanitarian\/wp-json\/wp\/v2\/media?parent=35"}],"curies":[{"name":"wp","href":"https:\/\/api.w.org\/{rel}","templated":true}]}}